{"id":1789,"date":"2022-04-17T11:40:41","date_gmt":"2022-04-17T09:40:41","guid":{"rendered":"https:\/\/www.utmecc.com\/?page_id=1789"},"modified":"2022-02-17T12:05:00","modified_gmt":"2022-02-17T11:05:00","slug":"informativa-trattamento-dati","status":"publish","type":"page","link":"https:\/\/www.utmecc.com\/en\/informativa-trattamento-dati\/","title":{"rendered":"Informativa trattamento dati"},"content":{"rendered":"\t\t<div data-elementor-type=\"wp-page\" data-elementor-id=\"1789\" class=\"elementor elementor-1789 elementor-1748\">\n\t\t\t\t\t\t<section class=\"elementor-section elementor-top-section elementor-element elementor-element-1ffbf5d elementor-section-boxed elementor-section-height-default elementor-section-height-default\" data-id=\"1ffbf5d\" data-element_type=\"section\" data-e-type=\"section\" data-settings=\"{&quot;jet_parallax_layout_list&quot;:[]}\">\n\t\t\t\t\t\t<div class=\"elementor-container elementor-column-gap-default\">\n\t\t\t\t\t<div class=\"elementor-column elementor-col-100 elementor-top-column elementor-element elementor-element-1851920\" data-id=\"1851920\" data-element_type=\"column\" data-e-type=\"column\">\n\t\t\t<div class=\"elementor-widget-wrap elementor-element-populated\">\n\t\t\t\t\t\t<div class=\"elementor-element elementor-element-23db67b elementor-widget elementor-widget-text-editor\" data-id=\"23db67b\" data-element_type=\"widget\" data-e-type=\"widget\" data-widget_type=\"text-editor.default\">\n\t\t\t\t<div class=\"elementor-widget-container\">\n\t\t\t\t\t\t\t\t\t<p>Informativa ex art. 13 del Regolamento UE 2016\/679 del Parlamento europeo e del Consiglio del 27 aprile 2016 (Regolamento generale sulla protezione dei dati c.d. \u201cGDPR\u201d)<\/p><ol><li>Titolarit\u00e0 e tipi di dati<\/li><\/ol><p>Ai sensi dell\u2019art. 13 del GDPR, Quiple con sede a Milano, Via Cerva n. 31, in qualit\u00e0 di titolare del trattamento (di seguito denominata \u201cil Titolare\u201d), La informa che, tramite questo modulo, proceder\u00e0 alla raccolta dei dati personali da Lei direttamente rilasciati.<\/p><p>Il Titolare ha designato quale proprio responsabile della protezione dei dati (c.d. data protection officer\/DPO) ai sensi dell\u2019articolo 37 GDPR, il Sig. Orjon Nallbati domiciliato per la carica presso la sede sociale e contattabile al seguente indirizzo e-mai orjon.nallbati@onlawoffice.com.<\/p><ol><li>Finalit\u00e0 d&#8217;uso<\/li><\/ol><p>I suoi dati personali come sopra descritti e da lei forniti, sono raccolti e utilizzati per le seguenti finalit\u00e0 connesse e strumentali all&#8217;attivit\u00e0 di Quiple e quindi:<\/p><p>Consentire l\u2019esecuzione delle obbligazioni oggetto del contratto, in particolare, in relazione alla segnalazione di disservizi e alla gestione dei reclami provenienti da parte dei clienti, mediante compilazione del form;<\/p><p>Consentire l\u2019evasione delle richieste di contatto e\/o di nuovi servizi, inviate dall&#8217;utente interessato mediante compilazione del form.<\/p><p>Per la finalit\u00e0 di cui ai punti II.1 e II.2 per l&#8217;utilizzo dei dati non \u00e8 richiesto il suo consenso.<\/p><p>III. Modalit\u00e0 d&#8217;uso e conservazione<\/p><p>I suoi dati sono utilizzati con mezzi elettronici e conservati su supporti elettronici o anche a mezzo di strumenti cartacei.<\/p><ol><li>Ambito di circolazione dei dati<\/li><\/ol><p>In ambito riconducibile al medesimo Titolare<\/p><ol><li>I dati possono essere utilizzati da personale di Quiple o di Aziende terze cui \u00e8 stato assegnato uno specifico ruolo di responsabile del trattamento e a cui sono state impartite adeguate istruzioni operative.<\/li><\/ol><p>All&#8217;interno del medesimo gruppo societario per fini contrattuali o contabili<\/p><ol><li>Inoltre, i dati possono essere trasmessi anche alle altre societ\u00e0 del Gruppo, per adempiere a specifici obblighi di legge o per fini contrattuali e contabili, eventualmente anche residenti fuori dall\u2019Unione europea con rapporti regolati da specifiche clausole contrattuali modello, come indicato dal Garante privacy.<\/li><\/ol><ol><li>Trasferimento di dati all&#8217;estero e diffusione<\/li><\/ol><p>Dato il carattere internazionale delle attivit\u00e0 di Quiple, i suoi dati potranno essere trasmessi all\u2019estero e trattati da soggetti, comunque rientranti fra le categorie citate al punto IV. di cui sopra, situati in paesi extra-Ue per le finalit\u00e0 descritte al punto II che precede.<\/p><p>Trasferimento all&#8217;estero senza comunicazione<\/p><p>Dato il carattere internazionale delle attivit\u00e0 di Quiple, i suoi dati potranno essere trasmessi all\u2019estero e trattati da soggetti, comunque rientranti fra le categorie citate al punto IV di cui sopra, situati in paesi extra-Ue per l\u2019esecuzione di attivit\u00e0 strumentali; in tal caso, tali entit\u00e0 agiscono in qualit\u00e0 di responsabili del trattamento e l\u2019attivit\u00e0 \u00e8 oggetto di specifiche garanzie a protezione dei dati personali mediante l&#8217;adozione di clausole contrattuali modello, come indicato dal Garante privacy.<\/p><p>Non diffusione<\/p><p>I suoi dati personali non sono oggetto di diffusione.<\/p><ol><li>Diritti<\/li><\/ol><p>In relazione al trattamento dei suoi dati personali, il Titolare La informa che il periodo di conservazione dei predetti dati non eccede la durata necessaria a perseguire le finalit\u00e0 per le quali i dati sono raccolti e successivamente trattati, ma non pi\u00f9 di due mesi. In costanza di trattamento, Ella pu\u00f2 esercitare, in qualunque momento, i seguenti diritti:<\/p><p>ottenere la conferma dell&#8217;esistenza o meno dei medesimi dati e, in caso positivo,<\/p><p>conoscerne il contenuto e l&#8217;origine,<\/p><p>verificarne l&#8217;esattezza chiedere la rettifica dei dati inesatti, l&#8217;integrazione dei dati incompleti o l&#8217;aggiornamento dei dati vetusti, oppure<\/p><p>ottenerne la limitazione del trattamento, ove ricorra una delle ipotesi previste dall\u2019articolo 18 GDPR;<\/p><p>chiedere la cancellazione dei dati trattati in violazione di legge, ovvero in presenza di una delle altre condizioni previste dall\u2019articolo 17, comma 1, lett. a), b), c), e) ed f) GDPR<\/p><p>opporsi in ogni caso, per motivi legittimi, al loro trattamento, ovvero di opposi al trattamento negli altri casi previsti dall\u2019articolo 21, commi 2 e 3 e 22 GDPR;<\/p><p>di ottenere il rilascio dei dati personali oggetto di trattamento in un formato compatibile con le applicazioni informatiche standard, per permetterne il trasferimento su altre piattaforme di Sua scelta, senza frapporre impedimenti alla trasmissione diretta dei dati trattati ad altro Titolare del trattamento, ove tale trasmissione diretta sia tecnicamente fattibile [d. diritto alla portabilit\u00e0 dei dati];<\/p><p>Le richieste relative all&#8217;esercizio dei predetti diritti, vanno rivolte al Titolare:<\/p><p>via e-mail, all&#8217;indirizzo: privacy@quiple.it<\/p><p>via fax, al n.: 0239195817<\/p><p>via posta, all&#8217;indirizzo: Via Cerva n. 31, Milano<\/p><p>Nel caso di mancato o parziale riscontro del Titolare alle predette richieste, Ella avr\u00e0 diritto a proporre reclamo o ricorso al Garante per la protezione dei dati personali nei termini e secondo le modalit\u00e0 previste dalla normativa Europea e nazionale applicabile.<\/p><p>Data ultima revisione: 16-02-2022<\/p>\t\t\t\t\t\t\t\t<\/div>\n\t\t\t\t<\/div>\n\t\t\t\t\t<\/div>\n\t\t<\/div>\n\t\t\t\t\t<\/div>\n\t\t<\/section>\n\t\t\t\t<\/div>\n\t\t","protected":false},"excerpt":{"rendered":"","protected":false},"author":1,"featured_media":0,"parent":0,"menu_order":0,"comment_status":"closed","ping_status":"closed","template":"","meta":{"_acf_changed":false,"_joinchat":[],"footnotes":""},"class_list":["post-1789","page","type-page","status-publish","hentry"],"acf":[],"yoast_head":"<!-- This site is optimized with the Yoast SEO plugin v27.4 - https:\/\/yoast.com\/product\/yoast-seo-wordpress\/ -->\n<title>Informativa trattamento dati - UTmecc Engineering<\/title>\n<meta name=\"robots\" content=\"noindex, nofollow\" \/>\n<meta property=\"og:locale\" content=\"en_US\" \/>\n<meta property=\"og:type\" content=\"article\" \/>\n<meta property=\"og:title\" content=\"Informativa trattamento dati - UTmecc Engineering\" \/>\n<meta property=\"og:url\" content=\"https:\/\/www.utmecc.com\/en\/informativa-trattamento-dati\/\" \/>\n<meta property=\"og:site_name\" content=\"UTmecc Engineering\" \/>\n<meta property=\"article:publisher\" content=\"https:\/\/www.facebook.com\/spessoriutmecc\" \/>\n<meta property=\"og:image\" content=\"https:\/\/www.utmecc.com\/wp-content\/uploads\/2022\/02\/footer-logo.png\" \/>\n\t<meta property=\"og:image:width\" content=\"212\" \/>\n\t<meta property=\"og:image:height\" content=\"140\" \/>\n\t<meta property=\"og:image:type\" content=\"image\/png\" \/>\n<meta name=\"twitter:card\" content=\"summary_large_image\" \/>\n<script type=\"application\/ld+json\" class=\"yoast-schema-graph\">{\"@context\":\"https:\\\/\\\/schema.org\",\"@graph\":[{\"@type\":\"WebPage\",\"@id\":\"https:\\\/\\\/www.utmecc.com\\\/en\\\/informativa-trattamento-dati\\\/\",\"url\":\"https:\\\/\\\/www.utmecc.com\\\/en\\\/informativa-trattamento-dati\\\/\",\"name\":\"Informativa trattamento dati - UTmecc Engineering\",\"isPartOf\":{\"@id\":\"https:\\\/\\\/www.utmecc.com\\\/#website\"},\"datePublished\":\"2022-04-17T09:40:41+00:00\",\"breadcrumb\":{\"@id\":\"https:\\\/\\\/www.utmecc.com\\\/en\\\/informativa-trattamento-dati\\\/#breadcrumb\"},\"inLanguage\":\"en-US\",\"potentialAction\":[{\"@type\":\"ReadAction\",\"target\":[\"https:\\\/\\\/www.utmecc.com\\\/en\\\/informativa-trattamento-dati\\\/\"]}]},{\"@type\":\"BreadcrumbList\",\"@id\":\"https:\\\/\\\/www.utmecc.com\\\/en\\\/informativa-trattamento-dati\\\/#breadcrumb\",\"itemListElement\":[{\"@type\":\"ListItem\",\"position\":1,\"name\":\"Home\",\"item\":\"https:\\\/\\\/www.utmecc.com\\\/\"},{\"@type\":\"ListItem\",\"position\":2,\"name\":\"Informativa trattamento dati\"}]},{\"@type\":\"WebSite\",\"@id\":\"https:\\\/\\\/www.utmecc.com\\\/#website\",\"url\":\"https:\\\/\\\/www.utmecc.com\\\/\",\"name\":\"UTmecc Engineering\",\"description\":\"Lavorazioni Metalliche a Torino\",\"publisher\":{\"@id\":\"https:\\\/\\\/www.utmecc.com\\\/#organization\"},\"alternateName\":\"UTmecc Engineering\",\"potentialAction\":[{\"@type\":\"SearchAction\",\"target\":{\"@type\":\"EntryPoint\",\"urlTemplate\":\"https:\\\/\\\/www.utmecc.com\\\/?s={search_term_string}\"},\"query-input\":{\"@type\":\"PropertyValueSpecification\",\"valueRequired\":true,\"valueName\":\"search_term_string\"}}],\"inLanguage\":\"en-US\"},{\"@type\":\"Organization\",\"@id\":\"https:\\\/\\\/www.utmecc.com\\\/#organization\",\"name\":\"UTmecc Engineering\",\"alternateName\":\"UTmecc Engineering\",\"url\":\"https:\\\/\\\/www.utmecc.com\\\/\",\"logo\":{\"@type\":\"ImageObject\",\"inLanguage\":\"en-US\",\"@id\":\"https:\\\/\\\/www.utmecc.com\\\/#\\\/schema\\\/logo\\\/image\\\/\",\"url\":\"https:\\\/\\\/www.utmecc.com\\\/wp-content\\\/uploads\\\/2022\\\/02\\\/footer-logo.png\",\"contentUrl\":\"https:\\\/\\\/www.utmecc.com\\\/wp-content\\\/uploads\\\/2022\\\/02\\\/footer-logo.png\",\"width\":212,\"height\":140,\"caption\":\"UTmecc Engineering\"},\"image\":{\"@id\":\"https:\\\/\\\/www.utmecc.com\\\/#\\\/schema\\\/logo\\\/image\\\/\"},\"sameAs\":[\"https:\\\/\\\/www.facebook.com\\\/spessoriutmecc\",\"https:\\\/\\\/www.linkedin.com\\\/company\\\/utmecc-engineering\\\/\",\"https:\\\/\\\/www.instagram.com\\\/utmecc_engineering\\\/\"]}]}<\/script>\n<!-- \/ Yoast SEO plugin. -->","yoast_head_json":{"title":"Informativa trattamento dati - UTmecc Engineering","robots":{"index":"noindex","follow":"nofollow"},"og_locale":"en_US","og_type":"article","og_title":"Informativa trattamento dati - UTmecc Engineering","og_url":"https:\/\/www.utmecc.com\/en\/informativa-trattamento-dati\/","og_site_name":"UTmecc Engineering","article_publisher":"https:\/\/www.facebook.com\/spessoriutmecc","og_image":[{"width":212,"height":140,"url":"https:\/\/www.utmecc.com\/wp-content\/uploads\/2022\/02\/footer-logo.png","type":"image\/png"}],"twitter_card":"summary_large_image","schema":{"@context":"https:\/\/schema.org","@graph":[{"@type":"WebPage","@id":"https:\/\/www.utmecc.com\/en\/informativa-trattamento-dati\/","url":"https:\/\/www.utmecc.com\/en\/informativa-trattamento-dati\/","name":"Informativa trattamento dati - UTmecc Engineering","isPartOf":{"@id":"https:\/\/www.utmecc.com\/#website"},"datePublished":"2022-04-17T09:40:41+00:00","breadcrumb":{"@id":"https:\/\/www.utmecc.com\/en\/informativa-trattamento-dati\/#breadcrumb"},"inLanguage":"en-US","potentialAction":[{"@type":"ReadAction","target":["https:\/\/www.utmecc.com\/en\/informativa-trattamento-dati\/"]}]},{"@type":"BreadcrumbList","@id":"https:\/\/www.utmecc.com\/en\/informativa-trattamento-dati\/#breadcrumb","itemListElement":[{"@type":"ListItem","position":1,"name":"Home","item":"https:\/\/www.utmecc.com\/"},{"@type":"ListItem","position":2,"name":"Informativa trattamento dati"}]},{"@type":"WebSite","@id":"https:\/\/www.utmecc.com\/#website","url":"https:\/\/www.utmecc.com\/","name":"UTmecc Engineering","description":"Lavorazioni Metalliche a Torino","publisher":{"@id":"https:\/\/www.utmecc.com\/#organization"},"alternateName":"UTmecc Engineering","potentialAction":[{"@type":"SearchAction","target":{"@type":"EntryPoint","urlTemplate":"https:\/\/www.utmecc.com\/?s={search_term_string}"},"query-input":{"@type":"PropertyValueSpecification","valueRequired":true,"valueName":"search_term_string"}}],"inLanguage":"en-US"},{"@type":"Organization","@id":"https:\/\/www.utmecc.com\/#organization","name":"UTmecc Engineering","alternateName":"UTmecc Engineering","url":"https:\/\/www.utmecc.com\/","logo":{"@type":"ImageObject","inLanguage":"en-US","@id":"https:\/\/www.utmecc.com\/#\/schema\/logo\/image\/","url":"https:\/\/www.utmecc.com\/wp-content\/uploads\/2022\/02\/footer-logo.png","contentUrl":"https:\/\/www.utmecc.com\/wp-content\/uploads\/2022\/02\/footer-logo.png","width":212,"height":140,"caption":"UTmecc Engineering"},"image":{"@id":"https:\/\/www.utmecc.com\/#\/schema\/logo\/image\/"},"sameAs":["https:\/\/www.facebook.com\/spessoriutmecc","https:\/\/www.linkedin.com\/company\/utmecc-engineering\/","https:\/\/www.instagram.com\/utmecc_engineering\/"]}]}},"_links":{"self":[{"href":"https:\/\/www.utmecc.com\/en\/wp-json\/wp\/v2\/pages\/1789","targetHints":{"allow":["GET"]}}],"collection":[{"href":"https:\/\/www.utmecc.com\/en\/wp-json\/wp\/v2\/pages"}],"about":[{"href":"https:\/\/www.utmecc.com\/en\/wp-json\/wp\/v2\/types\/page"}],"author":[{"embeddable":true,"href":"https:\/\/www.utmecc.com\/en\/wp-json\/wp\/v2\/users\/1"}],"replies":[{"embeddable":true,"href":"https:\/\/www.utmecc.com\/en\/wp-json\/wp\/v2\/comments?post=1789"}],"version-history":[{"count":0,"href":"https:\/\/www.utmecc.com\/en\/wp-json\/wp\/v2\/pages\/1789\/revisions"}],"wp:attachment":[{"href":"https:\/\/www.utmecc.com\/en\/wp-json\/wp\/v2\/media?parent=1789"}],"curies":[{"name":"wp","href":"https:\/\/api.w.org\/{rel}","templated":true}]}}