{"id":1787,"date":"2022-04-17T11:48:29","date_gmt":"2022-04-17T09:48:29","guid":{"rendered":"https:\/\/www.utmecc.com\/?page_id=1787"},"modified":"2022-02-17T12:04:27","modified_gmt":"2022-02-17T11:04:27","slug":"informativa-sul-trattamento-dei-dati-personali","status":"publish","type":"page","link":"https:\/\/www.utmecc.com\/de\/informativa-sul-trattamento-dei-dati-personali\/","title":{"rendered":"Informativa sul trattamento dei dati personali"},"content":{"rendered":"\t\t<div data-elementor-type=\"wp-page\" data-elementor-id=\"1787\" class=\"elementor elementor-1787 elementor-1776\">\n\t\t\t\t\t\t<section class=\"elementor-section elementor-top-section elementor-element elementor-element-3c76779 elementor-section-boxed elementor-section-height-default elementor-section-height-default\" data-id=\"3c76779\" data-element_type=\"section\" data-e-type=\"section\" data-settings=\"{&quot;jet_parallax_layout_list&quot;:[]}\">\n\t\t\t\t\t\t<div class=\"elementor-container elementor-column-gap-default\">\n\t\t\t\t\t<div class=\"elementor-column elementor-col-100 elementor-top-column elementor-element elementor-element-f45a801\" data-id=\"f45a801\" data-element_type=\"column\" data-e-type=\"column\">\n\t\t\t<div class=\"elementor-widget-wrap elementor-element-populated\">\n\t\t\t\t\t\t<div class=\"elementor-element elementor-element-21d2a3d elementor-widget elementor-widget-text-editor\" data-id=\"21d2a3d\" data-element_type=\"widget\" data-e-type=\"widget\" data-widget_type=\"text-editor.default\">\n\t\t\t\t<div class=\"elementor-widget-container\">\n\t\t\t\t\t\t\t\t\t<p>Privacy Policy<\/p><p>\u00a0<\/p><p>Introduzione<\/p><p>\u00a0<\/p><p>La presente Policy ha lo scopo di descrivere le modalit\u00e0 di gestione in riferimento al trattamento dei dati personali degli utenti\/visitatori di questo sito web, raggiungibile all&#8217;indirizzo privacy@quiple.it<\/p><p>\u00a0<\/p><p>Raccomandiamo di leggere attentamente questa privacy policy prima della fornitura dei dati stessi.<\/p><p>\u00a0<\/p><p>Questa comunicazione \u00e8 fornita in conformit\u00e0 alla normativa europea di cui al Regolamento UE n 2016\/679 (GDPR), artt. 13 e 14.<\/p><p>\u00a0<\/p><p>Titolarit\u00e0<\/p><p>\u00a0<\/p><p>Titolare del trattamento \u00e8 Quiple srl, con sede a Milano, Via Cerva, 31 (di seguito indicata semplicemente come &#8222;Titolare&#8220;).<\/p><p>\u00a0<\/p><p>La lista aggiornata dei responsabili del trattamento e delle consociate del gruppo \u00e8 disponibile inoltrando richiesta a info@quiple.it.<\/p><p>\u00a0<\/p><p>Ambito oggetto di questa policy<\/p><p>\u00a0<\/p><p>Questa Privacy Policy riguarda il presente sito web e non anche ulteriori siti web che non siano di pertinenza del Titolare eventualmente consultati dall&#8217;utente tramite navigazione dei link.<\/p><p>\u00a0<\/p><p>Policy e informativa<\/p><p>\u00a0<\/p><p>Il sito web svolge una funzione prevalentemente informativa delle attivit\u00e0 svolte da Quiple srl, pertanto, nella maggior parte dei casi, non \u00e8 prevista raccolta di dati personali dal navigatore. In taluni casi, come per la sezione \u201ccontattaci\u201d, al fine di consentire la trasmissione di richieste di informazioni o servizi, si richiede all\u2019utente di compilare un modulo di raccolta dati. In questi casi, viene fornita l\u2019informativa privacy che precisa l\u2019uso dei dati e le altre indicazioni richieste dalla legge. Raccomandiamo di leggere queste informative prima di fornire i dati.<\/p><p>\u00a0<\/p><p>In aggiunta, in limitati casi in cui si rendesse necessario raccogliere informazioni personali per altri fini, questo verr\u00e0 chiaramente evidenziato nelle informative di legge, al fine di consentire trasparenza e consapevolezza all\u2019utente.<\/p><p>\u00a0<\/p><p>Tali informative sono dirette a definire limiti e modalit\u00e0 del trattamento dei dati di ciascun servizio, in base alle quali il visitatore potr\u00e0 esprimere liberamente il proprio consenso (se necessario) ed autorizzare eventualmente la raccolta dei dati ed il loro successivo utilizzo.<\/p><p>\u00a0<\/p><p>Dati di navigazione<\/p><p>\u00a0<\/p><p>I sistemi informatici e le procedure software preposte al funzionamento di questo sito web acquisiscono, nel corso del loro normale esercizio, alcuni dati personali la cui trasmissione \u00e8 implicita nell\u2019uso dei protocolli di comunicazione di Internet.<\/p><p>\u00a0<\/p><p>In questa categoria di dati rientrano: gli indirizzi IP, il tipo di browser utilizzato, il sistema operativo, il nome di dominio e gli indirizzi di siti web dai quali \u00e8 stato effettuato l&#8217;accesso o l\u2019uscita, le informazioni sulle pagine visitate dagli utenti all&#8217;interno del sito, l\u2019orario d\u2019accesso, la permanenza sulla singola pagina, l\u2019analisi di percorso interno ed altri parametri relativi al sistema operativo e all\u2019ambiente informatico dell\u2019utente.<\/p><p>\u00a0<\/p><p>Tali dati di carattere tecnico\/informatico sono raccolti ed utilizzati esclusivamente in maniera aggregata e non immediatamente identificativa; essi potrebbero essere utilizzati per l\u2019accertamento di responsabilit\u00e0 in caso di ipotetici reati informatici ai danni del sito o su richiesta della pubblica autorit\u00e0.<\/p><p>\u00a0<\/p><p>Cookie<\/p><p>\u00a0<\/p><p>In merito all\u2019installazione di cookie da parte di questo sito web si rinvia alla Cookie Policy.<\/p><p>\u00a0<\/p><p>Redirect verso siti esterni<\/p><p>\u00a0<\/p><p>Da questo sito web \u00e8 possibile collegarsi mediante appositi link verso altri siti web di societ\u00e0 di terzi.<\/p><p>\u00a0<\/p><p>Quiple srl declina qualsiasi responsabilit\u00e0 in merito all\u2019eventuale gestione di dati personali da parte di siti terzi e in ordine alla gestione delle credenziali di autenticazione fornite da soggetti terzi.<\/p><p>\u00a0<\/p><p>Modalit\u00e0 del trattamento e conservazione dei dati<\/p><p>\u00a0<\/p><p>Il trattamento dei dati personali viene effettuato prevalentemente utilizzando procedure e supporti elettronici per il tempo strettamente necessario a conseguire gli scopi per i quali i dati sono stati raccolti. L&#8217;utente, comunque, ha diritto di ottenere la cancellazione dei propri dati in presenza di motivi legittimi.<\/p><p>\u00a0<\/p><p>Facoltativit\u00e0 del conferimento dati<\/p><p>\u00a0<\/p><p>La fornitura dei dati personali richiesti all\u2019interessato \u2013 se non specificato diversamente \u2013 \u00e8 facoltativa, tuttavia il loro mancato conferimento pu\u00f2 comportare l\u2019impossibilit\u00e0 di ottenere quanto richiesto ovvero di eseguire l&#8217;attivit\u00e0 indicata.<\/p><p>\u00a0<\/p><p>Luogo del trattamento dati<\/p><p>\u00a0<\/p><p>I trattamenti connessi ai servizi web di questo sito hanno luogo presso la societ\u00e0 Quiple Srl che provvede alla gestione del relativo server. I dati personali sono curati solo da personale tecnico di tale azienda, appositamente incaricato del trattamento, oppure da eventuali incaricati di occasionali operazioni di manutenzione.<\/p><p>\u00a0<\/p><p>Ambito di circolazione dei dati e diffusione dei dati<\/p><p>\u00a0<\/p><p>Ai dati personali acquisiti tramite questo sito web vi accedono unicamente soggetti che agiscono per conto del Titolare, appositamente designati come data manager, coordinatori o incaricati e preposti alla gestione del servizio richiesto; i medesimi dati non sono diffusi.<\/p><p>\u00a0<\/p><p>Informazioni pi\u00f9 dettagliate sui nominativi dei ruoli privacy potranno essere richieste scrivendo a info@quiple.it<\/p><p>\u00a0<\/p><p>Flussi esteri di dati<\/p><p>\u00a0<\/p><p>Data la natura internazionale delle attivit\u00e0 di Quiple srl, i dati possono essere inviati all&#8217;estero ed elaborati, ancora ai soli fini di cui sopra, da societ\u00e0 del Gruppo Sestante Holding &#8211; situate nei paesi terzi.<\/p><p>\u00a0<\/p><p>In questi casi, la trasmissione di dati all&#8217;estero \u00e8 soggetta a specifiche garanzie per la protezione dei dati personali attraverso l&#8217;adozione di clausole contrattuali tipo sulla protezione dei dati, approvate dalla Commissione Europea, o di analoghe garanzie.<\/p><p>\u00a0<\/p><p>Diritti per la tutela dei dati personali<\/p><p>\u00a0<\/p><p>I soggetti cui si riferiscono i dati personali hanno il diritto in qualunque momento di ottenere la conferma dell\u2019esistenza o meno dei medesimi dati e di conoscerne il contenuto e l\u2019origine, verificarne l\u2019esattezza o chiederne l\u2019integrazione o l\u2019aggiornamento, oppure la rettificazione.<\/p><p>\u00a0<\/p><p>Inoltre, si ha il diritto di chiedere la cancellazione, la trasformazione in forma anonima o il blocco dei dati trattati in violazione di legge, nonch\u00e9 di opporsi in ogni caso, per motivi legittimi, al loro trattamento.<\/p><p>\u00a0<\/p><p>Le richieste vanno rivolte a orjon.nallbati@onlawoffice.com.<\/p><p>\u00a0<\/p><p>Modifiche alla policy<\/p><p>\u00a0<\/p><p>L\u2019eventuale entrata in vigore di nuove normative di settore, come anche il costante esame ed aggiornamento dei servizi all&#8217;utente, potrebbe comportare la necessit\u00e0 di variare le modalit\u00e0 di trattamento dei dati personali. \u00c8\u2019 pertanto possibile che la nostra policy subisca modifiche nel tempo ed invitiamo, pertanto, il visitatore a consultare periodicamente questa pagina. A questo scopo il documento di policy evidenzia la data di aggiornamento.<\/p><p>\u00a0<\/p><p>Data di Redazione: 24-05-2018<\/p><p>\u00a0<\/p><p>Ultimo Aggiornamento: 16-02-2022<\/p>\t\t\t\t\t\t\t\t<\/div>\n\t\t\t\t<\/div>\n\t\t\t\t\t<\/div>\n\t\t<\/div>\n\t\t\t\t\t<\/div>\n\t\t<\/section>\n\t\t\t\t<\/div>\n\t\t","protected":false},"excerpt":{"rendered":"","protected":false},"author":1,"featured_media":0,"parent":0,"menu_order":0,"comment_status":"closed","ping_status":"closed","template":"","meta":{"_acf_changed":false,"_joinchat":[],"footnotes":""},"class_list":["post-1787","page","type-page","status-publish","hentry"],"acf":[],"yoast_head":"<!-- This site is optimized with the Yoast SEO plugin v27.4 - https:\/\/yoast.com\/product\/yoast-seo-wordpress\/ -->\n<title>Informativa sul trattamento dei dati personali - UTmecc Engineering<\/title>\n<meta name=\"robots\" content=\"noindex, nofollow\" \/>\n<meta property=\"og:locale\" content=\"de_DE\" \/>\n<meta property=\"og:type\" content=\"article\" \/>\n<meta property=\"og:title\" content=\"Informativa sul trattamento dei dati personali - UTmecc Engineering\" \/>\n<meta property=\"og:url\" content=\"https:\/\/www.utmecc.com\/de\/informativa-sul-trattamento-dei-dati-personali\/\" \/>\n<meta property=\"og:site_name\" content=\"UTmecc Engineering\" \/>\n<meta property=\"article:publisher\" content=\"https:\/\/www.facebook.com\/spessoriutmecc\" \/>\n<meta property=\"og:image\" content=\"https:\/\/www.utmecc.com\/wp-content\/uploads\/2022\/02\/footer-logo.png\" \/>\n\t<meta property=\"og:image:width\" content=\"212\" \/>\n\t<meta property=\"og:image:height\" content=\"140\" \/>\n\t<meta property=\"og:image:type\" content=\"image\/png\" \/>\n<meta name=\"twitter:card\" content=\"summary_large_image\" \/>\n<script type=\"application\/ld+json\" class=\"yoast-schema-graph\">{\"@context\":\"https:\\\/\\\/schema.org\",\"@graph\":[{\"@type\":\"WebPage\",\"@id\":\"https:\\\/\\\/www.utmecc.com\\\/de\\\/informativa-sul-trattamento-dei-dati-personali\\\/\",\"url\":\"https:\\\/\\\/www.utmecc.com\\\/de\\\/informativa-sul-trattamento-dei-dati-personali\\\/\",\"name\":\"Informativa sul trattamento dei dati personali - UTmecc Engineering\",\"isPartOf\":{\"@id\":\"https:\\\/\\\/www.utmecc.com\\\/#website\"},\"datePublished\":\"2022-04-17T09:48:29+00:00\",\"breadcrumb\":{\"@id\":\"https:\\\/\\\/www.utmecc.com\\\/de\\\/informativa-sul-trattamento-dei-dati-personali\\\/#breadcrumb\"},\"inLanguage\":\"de\",\"potentialAction\":[{\"@type\":\"ReadAction\",\"target\":[\"https:\\\/\\\/www.utmecc.com\\\/de\\\/informativa-sul-trattamento-dei-dati-personali\\\/\"]}]},{\"@type\":\"BreadcrumbList\",\"@id\":\"https:\\\/\\\/www.utmecc.com\\\/de\\\/informativa-sul-trattamento-dei-dati-personali\\\/#breadcrumb\",\"itemListElement\":[{\"@type\":\"ListItem\",\"position\":1,\"name\":\"Home\",\"item\":\"https:\\\/\\\/www.utmecc.com\\\/\"},{\"@type\":\"ListItem\",\"position\":2,\"name\":\"Informativa sul trattamento dei dati personali\"}]},{\"@type\":\"WebSite\",\"@id\":\"https:\\\/\\\/www.utmecc.com\\\/#website\",\"url\":\"https:\\\/\\\/www.utmecc.com\\\/\",\"name\":\"UTmecc Engineering\",\"description\":\"Lavorazioni Metalliche a Torino\",\"publisher\":{\"@id\":\"https:\\\/\\\/www.utmecc.com\\\/#organization\"},\"alternateName\":\"UTmecc Engineering\",\"potentialAction\":[{\"@type\":\"SearchAction\",\"target\":{\"@type\":\"EntryPoint\",\"urlTemplate\":\"https:\\\/\\\/www.utmecc.com\\\/?s={search_term_string}\"},\"query-input\":{\"@type\":\"PropertyValueSpecification\",\"valueRequired\":true,\"valueName\":\"search_term_string\"}}],\"inLanguage\":\"de\"},{\"@type\":\"Organization\",\"@id\":\"https:\\\/\\\/www.utmecc.com\\\/#organization\",\"name\":\"UTmecc Engineering\",\"alternateName\":\"UTmecc Engineering\",\"url\":\"https:\\\/\\\/www.utmecc.com\\\/\",\"logo\":{\"@type\":\"ImageObject\",\"inLanguage\":\"de\",\"@id\":\"https:\\\/\\\/www.utmecc.com\\\/#\\\/schema\\\/logo\\\/image\\\/\",\"url\":\"https:\\\/\\\/www.utmecc.com\\\/wp-content\\\/uploads\\\/2022\\\/02\\\/footer-logo.png\",\"contentUrl\":\"https:\\\/\\\/www.utmecc.com\\\/wp-content\\\/uploads\\\/2022\\\/02\\\/footer-logo.png\",\"width\":212,\"height\":140,\"caption\":\"UTmecc Engineering\"},\"image\":{\"@id\":\"https:\\\/\\\/www.utmecc.com\\\/#\\\/schema\\\/logo\\\/image\\\/\"},\"sameAs\":[\"https:\\\/\\\/www.facebook.com\\\/spessoriutmecc\",\"https:\\\/\\\/www.linkedin.com\\\/company\\\/utmecc-engineering\\\/\",\"https:\\\/\\\/www.instagram.com\\\/utmecc_engineering\\\/\"]}]}<\/script>\n<!-- \/ Yoast SEO plugin. -->","yoast_head_json":{"title":"Informativa sul trattamento dei dati personali - UTmecc Engineering","robots":{"index":"noindex","follow":"nofollow"},"og_locale":"de_DE","og_type":"article","og_title":"Informativa sul trattamento dei dati personali - UTmecc Engineering","og_url":"https:\/\/www.utmecc.com\/de\/informativa-sul-trattamento-dei-dati-personali\/","og_site_name":"UTmecc Engineering","article_publisher":"https:\/\/www.facebook.com\/spessoriutmecc","og_image":[{"width":212,"height":140,"url":"https:\/\/www.utmecc.com\/wp-content\/uploads\/2022\/02\/footer-logo.png","type":"image\/png"}],"twitter_card":"summary_large_image","schema":{"@context":"https:\/\/schema.org","@graph":[{"@type":"WebPage","@id":"https:\/\/www.utmecc.com\/de\/informativa-sul-trattamento-dei-dati-personali\/","url":"https:\/\/www.utmecc.com\/de\/informativa-sul-trattamento-dei-dati-personali\/","name":"Informativa sul trattamento dei dati personali - UTmecc Engineering","isPartOf":{"@id":"https:\/\/www.utmecc.com\/#website"},"datePublished":"2022-04-17T09:48:29+00:00","breadcrumb":{"@id":"https:\/\/www.utmecc.com\/de\/informativa-sul-trattamento-dei-dati-personali\/#breadcrumb"},"inLanguage":"de","potentialAction":[{"@type":"ReadAction","target":["https:\/\/www.utmecc.com\/de\/informativa-sul-trattamento-dei-dati-personali\/"]}]},{"@type":"BreadcrumbList","@id":"https:\/\/www.utmecc.com\/de\/informativa-sul-trattamento-dei-dati-personali\/#breadcrumb","itemListElement":[{"@type":"ListItem","position":1,"name":"Home","item":"https:\/\/www.utmecc.com\/"},{"@type":"ListItem","position":2,"name":"Informativa sul trattamento dei dati personali"}]},{"@type":"WebSite","@id":"https:\/\/www.utmecc.com\/#website","url":"https:\/\/www.utmecc.com\/","name":"UTmecc Engineering","description":"Lavorazioni Metalliche a Torino","publisher":{"@id":"https:\/\/www.utmecc.com\/#organization"},"alternateName":"UTmecc Engineering","potentialAction":[{"@type":"SearchAction","target":{"@type":"EntryPoint","urlTemplate":"https:\/\/www.utmecc.com\/?s={search_term_string}"},"query-input":{"@type":"PropertyValueSpecification","valueRequired":true,"valueName":"search_term_string"}}],"inLanguage":"de"},{"@type":"Organization","@id":"https:\/\/www.utmecc.com\/#organization","name":"UTmecc Engineering","alternateName":"UTmecc Engineering","url":"https:\/\/www.utmecc.com\/","logo":{"@type":"ImageObject","inLanguage":"de","@id":"https:\/\/www.utmecc.com\/#\/schema\/logo\/image\/","url":"https:\/\/www.utmecc.com\/wp-content\/uploads\/2022\/02\/footer-logo.png","contentUrl":"https:\/\/www.utmecc.com\/wp-content\/uploads\/2022\/02\/footer-logo.png","width":212,"height":140,"caption":"UTmecc Engineering"},"image":{"@id":"https:\/\/www.utmecc.com\/#\/schema\/logo\/image\/"},"sameAs":["https:\/\/www.facebook.com\/spessoriutmecc","https:\/\/www.linkedin.com\/company\/utmecc-engineering\/","https:\/\/www.instagram.com\/utmecc_engineering\/"]}]}},"_links":{"self":[{"href":"https:\/\/www.utmecc.com\/de\/wp-json\/wp\/v2\/pages\/1787","targetHints":{"allow":["GET"]}}],"collection":[{"href":"https:\/\/www.utmecc.com\/de\/wp-json\/wp\/v2\/pages"}],"about":[{"href":"https:\/\/www.utmecc.com\/de\/wp-json\/wp\/v2\/types\/page"}],"author":[{"embeddable":true,"href":"https:\/\/www.utmecc.com\/de\/wp-json\/wp\/v2\/users\/1"}],"replies":[{"embeddable":true,"href":"https:\/\/www.utmecc.com\/de\/wp-json\/wp\/v2\/comments?post=1787"}],"version-history":[{"count":0,"href":"https:\/\/www.utmecc.com\/de\/wp-json\/wp\/v2\/pages\/1787\/revisions"}],"wp:attachment":[{"href":"https:\/\/www.utmecc.com\/de\/wp-json\/wp\/v2\/media?parent=1787"}],"curies":[{"name":"wp","href":"https:\/\/api.w.org\/{rel}","templated":true}]}}